{"id":354631,"date":"2021-07-16T08:24:52","date_gmt":"2021-07-16T08:24:52","guid":{"rendered":"https:\/\/www.indexandomarketing.com\/politica-de-privacidad\/"},"modified":"2026-04-17T10:23:59","modified_gmt":"2026-04-17T10:23:59","slug":"privacy-policy","status":"publish","type":"page","link":"https:\/\/www.indexandomarketing.com\/en\/privacy-policy\/","title":{"rendered":"Privacy policy"},"content":{"rendered":"<h2>1. \u00bfQui\u00e9n es el responsable del tratamiento de sus datos?<\/h2>\n<p>El responsable del tratamiento de sus datos personales es INDEXANDO MARKETING, S.L., (en adelante, \u201c<strong>INDEXMARKETING<\/strong>\u201d) con N.I.F B-87721825, y domicilio social en Calle Luis Astrana Mar\u00edn 6, 28807, Alcal\u00e1 de Henares \u2013 Madrid.<\/p>\n<p>La presente Pol\u00edtica de Privacidad regula el acceso y el uso del sitio web (en adelante, el &#8220;<strong>sitio web<\/strong>&#8220;) que INDEXMARKETING pone a disposici\u00f3n de los usuarios de Internet (en adelante, los &#8220;<strong>usuarios<\/strong>&#8220;) interesados en los contenidos (en adelante, los &#8220;<strong>contenidos<\/strong>&#8220;) y los servicios (en adelante, los &#8220;<strong>servicios<\/strong>&#8220;) ofertados por INDEXMARKETING en el mismo.<\/p>\n<ul>\n<li>Correo electr\u00f3nico de contacto: <a href=\"mailto:info@indexandomarketing.com\">info@indexandomarketing.com<\/a><\/li>\n<li>N\u00famero de tel\u00e9fono: +34 670 631 111<\/li>\n<\/ul>\n<h2>2. Recomendaciones<\/h2>\n<p>Por favor, lea atentamente y siga las siguientes recomendaciones:<\/p>\n<p>\u2022 Mantenga su equipo equipado con software antivirus debidamente actualizado contra software malicioso y aplicaciones de spyware que puedan poner en peligro su navegaci\u00f3n por Internet y la informaci\u00f3n alojada en su equipo.<\/p>\n<p>\u2022 Lea y revise esta Pol\u00edtica de Privacidad y todos los textos legales puestos a disposici\u00f3n por INDEXMARKETING en el Sitio Web.<\/p>\n<h2>3. Informaci\u00f3n sobre los datos que INDEXMARKETING recopila a trav\u00e9s del sitio web<\/h2>\n<p>Para el correcto funcionamiento del sitio web, INDEXMARKETING puede tener acceso a los siguientes datos facilitados, en su caso, por parte del usuario:<\/p>\n<p><strong>(i)<\/strong> Datos de identificaci\u00f3n: nombre y apellidos del usuario.<br \/>\n<strong>(ii)<\/strong> Datos de contacto: email y n\u00famero de tel\u00e9fono.<\/p>\n<h2>4. \u00bfPor qu\u00e9 INDEXMARKETING est\u00e1 legitimada para procesar sus datos?<\/h2>\n<p>La base de legitimaci\u00f3n de INDEXMARKETING para el tratamiento de los datos de los usuarios a trav\u00e9s de este sitio web es el consentimiento de los usuarios al tratamiento de sus datos personales, as\u00ed como la ejecuci\u00f3n de un contrato en el que el interesado es parte o la aplicaci\u00f3n a petici\u00f3n de este de medidas precontractuales.<\/p>\n<p>En este sentido, INDEXMARKETING trata los datos personales de los usuarios con la finalidad de permitir la relaci\u00f3n comercial solicitada por el usuario y para la remisi\u00f3n de comunicaciones comerciales y\/o <em>newsletters<\/em>.<\/p>\n<p>Aceptando la presente pol\u00edtica de privacidad y marcando las casillas correspondientes, el usuario presta su consentimiento a dicho tratamiento.<\/p>\n<p>INDEXMARKETING se toma muy en serio la protecci\u00f3n de su privacidad y sus datos personales. Por esta raz\u00f3n, sus datos personales se conservan de forma segura y se tratan con el m\u00e1ximo cuidado, de conformidad con las disposiciones del Reglamento (UE) 2016\/679 del Parlamento Europeo y del Consejo, de 27 de abril de 2016, relativo a la protecci\u00f3n de las personas f\u00edsicas en lo que respecta al tratamiento de datos personales y a la libre circulaci\u00f3n de estos datos (el &#8220;Reglamento general de protecci\u00f3n de datos&#8221; o &#8220;<strong>Reglamento de protecci\u00f3n de datos o RGPD<\/strong>&#8220;).<\/p>\n<p>La presente pol\u00edtica de privacidad regula el acceso y el uso del servicio que INDEXMARKETING pone a disposici\u00f3n del Usuario interesado en los servicios y contenidos alojados en el sitio web.<\/p>\n<p>Por lo que respecta a este punto, el usuario podr\u00e1 retirar su consentimiento en cualquier momento mandando un mensaje a la siguiente direcci\u00f3n de correo electr\u00f3nico: <a href=\"mailto:info@indexandomarketing.com\">info@indexandomarketing.com<\/a> sin que ello afecte a la licitud del tratamiento basado en el consentimiento previo a su retirada.<\/p>\n<h2>5. \u00bfCu\u00e1les son las finalidades del tratamiento de sus datos personales?<\/h2>\n<p>Sus datos de car\u00e1cter personal recabados por INDEXMARKETING podr\u00e1n ser utilizados para las siguientes finalidades, seg\u00fan el consentimiento otorgado en el formulario de registro correspondiente:<\/p>\n<p><strong>(i)<\/strong> La prestaci\u00f3n de los servicios ofrecidos a trav\u00e9s del sitio web.<br \/>\n<strong>(ii)<\/strong> Recibir por carta, tel\u00e9fono, correo electr\u00f3nico, SMS\/MMS, o por otros medios de comunicaci\u00f3n electr\u00f3nica equivalentes, comunicaciones o informaci\u00f3n sobre la actividad de INDEXMARKETING.<\/p>\n<h2>6. Veracidad de los datos facilitados por los usuarios<\/h2>\n<p>El usuario garantiza la veracidad de los datos personales facilitados y se compromete a comunicar a INDEXMARKETING cualquier modificaci\u00f3n de los mismos. El usuario responder\u00e1, en cualquier caso, de la veracidad de los datos facilitados, reserv\u00e1ndose INDEXMARKETING el derecho a excluir de los servicios a todo usuario que haya facilitado datos falsos, sin perjuicio de las dem\u00e1s acciones que procedan en derecho.<\/p>\n<p>Se recomienda que los usuarios protejan sus datos con la m\u00e1xima diligencia utilizando las herramientas de seguridad adecuadas. INDEXMARKETING no ser\u00e1 responsable de ning\u00fan robo, modificaci\u00f3n ilegal o p\u00e9rdida de datos.<\/p>\n<p>Cualquier modificaci\u00f3n o actualizaci\u00f3n de los datos deber\u00e1 ser comunicada a INDEXMARKETING a trav\u00e9s de los medios de comunicaci\u00f3n previstos en la presente pol\u00edtica de privacidad.<\/p>\n<h2>7. Conservaci\u00f3n de datos<\/h2>\n<p>La protecci\u00f3n de la privacidad y de los datos personales de los usuarios es muy importante para INDEXMARKETING. Por lo tanto, INDEXMARKETING hace todo lo posible para evitar que los datos del usuario sean utilizados de manera inadecuada. Solo el personal autorizado tiene acceso a los datos del usuario.<\/p>\n<p>Los datos personales del usuario se conservar\u00e1n mientras permanezca su cuenta de INDEXMARKETING activa para los fines del tratamiento para los que han sido facilitados, siempre que el usuario no haya revocado su consentimiento, solicitando la eliminaci\u00f3n de su cuenta o el borrado de determinados datos personales del sitio web.<\/p>\n<p>Posteriormente, en caso de ser necesario, INDEXMARKETING mantendr\u00e1 la informaci\u00f3n bloqueada durante los plazos legalmente establecidos.<\/p>\n<p>INDEXMARKETING se compromete al cumplimiento de su obligaci\u00f3n de secreto y confidencialidad de los datos de car\u00e1cter personal conforme a lo dispuesto en la legislaci\u00f3n aplicable.<\/p>\n<h2>8. Derechos de los usuarios<\/h2>\n<p>Los usuarios tienen derecho a:<\/p>\n<p><strong>(i)<\/strong> <strong>Acceder<\/strong> a sus datos personales;<\/p>\n<p><strong>(ii)<\/strong> Solicitar la <strong>rectificaci\u00f3n<\/strong> de cualquier dato inexacto;<\/p>\n<p><strong>(iii)<\/strong> Solicitar la <strong>supresi\u00f3n<\/strong> de sus datos;<\/p>\n<p><strong>(iv)<\/strong> Solicitar que se <strong>limite el tratamiento<\/strong> de sus datos;<\/p>\n<p><strong>(v)<\/strong> <strong>Oponerse<\/strong> al tratamiento de sus datos;<\/p>\n<p><strong>(vi)<\/strong> Solicitar la <strong>portabilidad<\/strong> de sus datos.<\/p>\n<p><strong>(vii)<\/strong> Asimismo, los Usuarios tendr\u00e1n derecho a <strong>no ser objeto de decisiones basadas \u00fanicamente en el tratamiento automatizado de datos.<\/strong><\/p>\n<p>El usuario puede ejercer todos estos derechos en la siguiente direcci\u00f3n de correo electr\u00f3nico: <a href=\"mailto:info@indexandomarketing.com\">info@indexandomarketing.com<\/a>, indicando el motivo de su petici\u00f3n y aportando una copia de su D.N.I.<\/p>\n<p>El usuario puede tambi\u00e9n enviar su petici\u00f3n por correo ordinario a la siguiente direcci\u00f3n: Calle Luis Astrana Mar\u00edn 6, 28807, Alcal\u00e1 de Henares \u2013 Madrid.<\/p>\n<p>La comunicaci\u00f3n dirigida a INDEXMARKETING deber\u00e1 contener la siguiente informaci\u00f3n:<\/p>\n<ul>\n<li>Nombre y apellidos del usuario; fotocopia de su documento nacional de identidad, o de su pasaporte u otro documento v\u00e1lido que lo identifique.<\/li>\n<li>Petici\u00f3n en que se concreta la solicitud.<\/li>\n<\/ul>\n<p>Sin perjuicio de cualquier otro recurso administrativo o acci\u00f3n judicial, el usuario tendr\u00e1 derecho a presentar una reclamaci\u00f3n ante una Autoridad de Control, en particular en el Estado miembro en el que tenga su residencia habitual, lugar de trabajo o lugar de la supuesta infracci\u00f3n, en caso de que considere que el tratamiento de sus datos personales no es adecuado a la normativa, as\u00ed como en el caso de no ver satisfecho el ejercicio de sus derechos. La autoridad de control ante la que se haya presentado la reclamaci\u00f3n informar\u00e1 al reclamante sobre el curso y el resultado de la reclamaci\u00f3n.<\/p>\n<h2>9. Seguridad de datos<\/h2>\n<p>La protecci\u00f3n de la privacidad y de los datos personales de los usuarios es muy importante para INDEXMARKETING. Por ello, INDEXMARKETING ha tomado todas las medidas a su alcance para evitar que sus datos sean utilizados de forma indebida, permitiendo el acceso a los mismos \u00fanicamente al personal autorizado.<\/p>\n<p>INDEXMARKETING mantiene la seguridad adecuada para la protecci\u00f3n de los datos personales de acuerdo con la legislaci\u00f3n aplicable y ha establecido todos los medios t\u00e9cnicos a su alcance para evitar la p\u00e9rdida, mal uso, alteraci\u00f3n, acceso no autorizado y robo de los datos facilitados por el usuario a trav\u00e9s del sitio web, sin perjuicio de informarle de que las medidas de seguridad en Internet no son inexpugnables.<\/p>\n<p>INDEXMARKETING se compromete a cumplir con el deber de secreto y confidencialidad respecto a los datos de car\u00e1cter personal de acuerdo con la legislaci\u00f3n aplicable.<\/p>\n<h2>10. Transferencias y\/o cesiones a terceros<\/h2>\n<p>Le informamos que sus datos personales no ser\u00e1n cedidos a terceras empresas. En todo caso, ser\u00e1 INDEXMARKETING el encargado de realizar el env\u00edo, por carta, tel\u00e9fono, correo electr\u00f3nico, SMS\/MMS, o por otros medios de comunicaci\u00f3n electr\u00f3nica equivalentes por parte de empresas relacionadas con el sector del marketing digital, de informaci\u00f3n y comunicaciones comerciales que puedan resultar de su inter\u00e9s y siempre relacionada con los sectores con respecto a los que INDEXMARKETING ejerce su actividad.<\/p>\n<h2>11. Preguntas<\/h2>\n<p>Si tiene alguna duda sobre nuestra pol\u00edtica de privacidad, p\u00f3ngase en contacto con nosotros enviando un correo electr\u00f3nico a: \u00a0<a href=\"mailto:info@indexandomarketing.com\">info@indexandomarketing.com<\/a><\/p>\n<p>Asimismo, si considera que sus derechos no est\u00e1n debidamente salvaguardados, tiene derecho a presentar una reclamaci\u00f3n ante la Agencia Espa\u00f1ola de Protecci\u00f3n de Datos, cuyos datos de contacto son: tel\u00e9fonos 901 100 099 y 912 663 517; direcci\u00f3n postal C\/Jorge Juan 6, 28001 Madrid; oficina electr\u00f3nica https:\/\/sedeaepd.gob.es\/sede-electronica\/home y solicitud https:\/\/www.aepd.es\/.<\/p>\n<h2>12. Aceptaci\u00f3n y consentimiento<\/h2>\n<p>El usuario declara haber sido informado de las condiciones sobre protecci\u00f3n de datos personales, aceptando y consintiendo el tratamiento de los mismos por parte de INDEXMARKETING, en la forma y para las finalidades indicadas en la presente pol\u00edtica de privacidad.<\/p>\n<p>&nbsp;<\/p>\n","protected":false},"excerpt":{"rendered":"<p>1. \u00bfQui\u00e9n es el responsable del tratamiento de sus datos? El responsable del tratamiento de sus datos personales es INDEXANDO MARKETING, S.L., (en adelante, \u201cINDEXMARKETING\u201d) con N.I.F B-87721825, y domicilio social en Calle Luis Astrana Mar\u00edn 6, 28807, Alcal\u00e1 de Henares \u2013 Madrid. La presente Pol\u00edtica de Privacidad regula el acceso y el uso del [&hellip;]<\/p>\n","protected":false},"author":1,"featured_media":0,"parent":0,"menu_order":0,"comment_status":"closed","ping_status":"closed","template":"","meta":{"_et_pb_use_builder":"","_et_pb_old_content":"","_et_gb_content_width":"","footnotes":""},"class_list":["post-354631","page","type-page","status-publish","hentry"],"_links":{"self":[{"href":"https:\/\/www.indexandomarketing.com\/en\/wp-json\/wp\/v2\/pages\/354631","targetHints":{"allow":["GET"]}}],"collection":[{"href":"https:\/\/www.indexandomarketing.com\/en\/wp-json\/wp\/v2\/pages"}],"about":[{"href":"https:\/\/www.indexandomarketing.com\/en\/wp-json\/wp\/v2\/types\/page"}],"author":[{"embeddable":true,"href":"https:\/\/www.indexandomarketing.com\/en\/wp-json\/wp\/v2\/users\/1"}],"replies":[{"embeddable":true,"href":"https:\/\/www.indexandomarketing.com\/en\/wp-json\/wp\/v2\/comments?post=354631"}],"version-history":[{"count":2,"href":"https:\/\/www.indexandomarketing.com\/en\/wp-json\/wp\/v2\/pages\/354631\/revisions"}],"predecessor-version":[{"id":354633,"href":"https:\/\/www.indexandomarketing.com\/en\/wp-json\/wp\/v2\/pages\/354631\/revisions\/354633"}],"wp:attachment":[{"href":"https:\/\/www.indexandomarketing.com\/en\/wp-json\/wp\/v2\/media?parent=354631"}],"curies":[{"name":"wp","href":"https:\/\/api.w.org\/{rel}","templated":true}]}}