{"id":354622,"date":"2021-07-16T08:46:43","date_gmt":"2021-07-16T08:46:43","guid":{"rendered":"https:\/\/www.indexandomarketing.com\/politica-de-cookies\/"},"modified":"2026-04-17T10:14:18","modified_gmt":"2026-04-17T10:14:18","slug":"cookies-policy","status":"publish","type":"page","link":"https:\/\/www.indexandomarketing.com\/en\/cookies-policy\/","title":{"rendered":"Cookies policy"},"content":{"rendered":"<p>INDEXANDO MARKETING, S.L., (en adelante, \u201c<strong>INDEXMARKETING<\/strong>\u201d) informa, a trav\u00e9s de la presente pol\u00edtica de cookies, acerca de la utilizaci\u00f3n de dispositivos de almacenamiento y recuperaci\u00f3n de datos en equipos terminales de los usuarios.<\/p>\n<h2>1. \u00bfQu\u00e9 son las cookies?<\/h2>\n<p>Las cookies son archivos o ficheros que se descargan en el ordenador\/smartphone\/Tablet del usuario al acceder a determinadas p\u00e1ginas web y aplicaciones que permiten almacenar preferencias de la navegaci\u00f3n del usuario, haciendo que la interacci\u00f3n entre el usuario y el sitio web sea m\u00e1s r\u00e1pida y f\u00e1cil.<\/p>\n<p>La informaci\u00f3n recogida por las cookies es an\u00f3nima y no contiene ninguna informaci\u00f3n sensible, ya que no recogen datos que puedan identificar personalmente al usuario. En cualquier caso, el usuario podr\u00e1 acceder a la configuraci\u00f3n de su navegador para modificar y\/o bloquear la instalaci\u00f3n de las Cookies enviadas desde el sitio web, sin que ello impida al acceso a los contenidos.<\/p>\n<h2>2. \u00bfPara qu\u00e9 utiliza INDEXMARKETING las cookies?<\/h2>\n<p>De conformidad con el art\u00edculo 22 de la Ley de Servicios de la Sociedad de la Informaci\u00f3n y Comercio Electr\u00f3nico, as\u00ed como en el Considerando (30) del Reglamento General de Protecci\u00f3n de Datos (en adelante, \u201c<strong>RGPD<\/strong>\u201d), el presente sitio web utiliza cookies u otros dispositivos de almacenamiento y recuperaci\u00f3n de informaci\u00f3n para realizar un seguimiento de las interacciones de los usuarios con los servicios ofrecidos en el sitio web.<\/p>\n<p>Las cookies permiten reconocer el navegador de un usuario, as\u00ed como el tipo de dispositivo desde el que se accede al sitio web, y se utilizan para facilitar la pr\u00f3xima visita del usuario y hacer que el sitio web resulte m\u00e1s \u00fatil.<\/p>\n<p>INDEXMARKETING utiliza las cookies para:<\/p>\n<p>(i) Optimizar la navegaci\u00f3n del usuario mediante el seguimiento de la sesi\u00f3n.<\/p>\n<p>(ii) Recopilar informaci\u00f3n para optimizar la navegaci\u00f3n y mejorar el sitio web.<\/p>\n<p><strong>El sitio web utiliza los siguientes tipos de cookies:<\/strong><\/p>\n<ul>\n<li><strong>Obligatorias:<\/strong> cookies estrictamente necesarias para prestar un servicio o contenido solicitado por el usuario. Estas se encargan de aspectos t\u00e9cnicos como identificar registros y gestionar preferencias de herramientas en el uso, interacci\u00f3n y localizaci\u00f3n del acceso a los contenidos.<\/li>\n<li><strong>Estad\u00edsticas\/anal\u00edticas:<\/strong> estas cookies recogen informaci\u00f3n relativa al uso de la p\u00e1gina como la permanencia en p\u00e1gina y los contenidos visitados por los lectores para medir su rendimiento y mejorar la navegaci\u00f3n.<\/li>\n<\/ul>\n<p>Los objetivos principales que se persiguen con este tipo de cookies son:<\/p>\n<ul>\n<li>Permitir la identificaci\u00f3n an\u00f3nima de los usuarios navegantes y, por lo tanto, la contabilizaci\u00f3n aproximada del n\u00famero de visitantes.<\/li>\n<li>Identificar de forma an\u00f3nima los contenidos m\u00e1s visitados.<\/li>\n<li>Saber si el usuario que est\u00e1 accediendo es nuevo o repite visita.<\/li>\n<\/ul>\n<p>A continuaci\u00f3n, se detallan las cookies anal\u00edticas que se utilizan en el sitio web:<\/p>\n<table width=\"597\" cellspacing=\"3\" cellpadding=\"2\" bgcolor=\"#ffffff\">\n<tbody>\n<tr>\n<td width=\"75\">\n<p align=\"center\"><span style=\"font-family: Lato;\"><span style=\"font-size: small;\">Compa\u00f1\u00eda<\/span><\/span><\/p>\n<\/td>\n<td width=\"93\">\n<p align=\"center\"><span style=\"font-family: Lato;\"><span style=\"font-size: small;\">Cookie<\/span><\/span><\/p>\n<\/td>\n<td width=\"151\">\n<p align=\"center\"><span style=\"font-family: Lato;\"><span style=\"font-size: small;\">Finalidad<\/span><\/span><\/p>\n<\/td>\n<td width=\"102\">\n<p align=\"center\"><span style=\"font-family: Lato;\"><span style=\"font-size: small;\">Caducidad<\/span><\/span><\/p>\n<\/td>\n<td width=\"136\">\n<p align=\"center\"><span style=\"font-family: Lato;\"><span style=\"font-size: small;\">M\u00e1s informaci\u00f3n<\/span><\/span><\/p>\n<\/td>\n<\/tr>\n<tr>\n<td rowspan=\"6\" width=\"75\">\n<p align=\"center\"><span style=\"font-family: Lato;\"><span style=\"font-size: small;\">Google Analytics<\/span><\/span><\/p>\n<\/td>\n<td width=\"93\">\n<p align=\"center\"><span style=\"font-family: Lato;\"><span style=\"font-size: small;\">__utma<\/span><\/span><\/p>\n<\/td>\n<td width=\"151\">\n<p align=\"center\"><span style=\"font-family: Lato;\"><span style=\"font-size: small;\">Esta Cookie se usa para distinguir usuarios y sesiones.<\/span><\/span><\/p>\n<\/td>\n<td width=\"102\">\n<p align=\"center\"><span style=\"font-family: Lato;\"><span style=\"font-size: small;\">2 a\u00f1os<\/span><\/span><\/p>\n<\/td>\n<td rowspan=\"6\" width=\"136\">\n<p align=\"center\"><a href=\"https:\/\/support.google.com\/analytics\/answer\/11397207?hl=es-419\" target=\"_blank\" rel=\"noopener\"><span style=\"font-family: Lato;\"><span style=\"font-size: small;\">Google Analytics \u2013 Cookies\u2019 use<\/span><\/span><\/a><\/p>\n<\/td>\n<\/tr>\n<tr>\n<td width=\"93\">\n<p align=\"center\"><span style=\"font-family: Lato;\"><span style=\"font-size: small;\">__utmz<\/span><\/span><\/p>\n<\/td>\n<td width=\"151\">\n<p align=\"center\"><span style=\"font-family: Lato;\"><span style=\"font-size: small;\">Esta Cookie almacena la fuente de tr\u00e1fico o la campa\u00f1a que explica c\u00f3mo ha llegado el usuario al sitio.<\/span><\/span><\/p>\n<\/td>\n<td width=\"102\">\n<p align=\"center\"><span style=\"font-family: Lato;\"><span style=\"font-size: small;\">6 meses<\/span><\/span><\/p>\n<\/td>\n<\/tr>\n<tr>\n<td width=\"93\">\n<p align=\"center\"><span style=\"font-family: Lato;\"><span style=\"font-size: small;\">__utmb<\/span><\/span><\/p>\n<\/td>\n<td width=\"151\">\n<p align=\"center\"><span style=\"font-family: Lato;\"><span style=\"font-size: small;\">Esta Cookie se usa para determinar nuevas sesiones o visitas.<\/span><\/span><\/p>\n<\/td>\n<td width=\"102\">\n<p align=\"center\"><span style=\"font-family: Lato;\"><span style=\"font-size: small;\">Sesi\u00f3n<\/span><\/span><\/p>\n<\/td>\n<\/tr>\n<tr>\n<td width=\"93\">\n<p align=\"center\"><span style=\"font-family: Lato;\"><span style=\"font-size: small;\">_ga<\/span><\/span><\/p>\n<\/td>\n<td width=\"151\">\n<p align=\"center\"><span style=\"font-family: Lato;\"><span style=\"font-size: small;\">Esta Cookie se usa para distinguir a los usuarios.<\/span><\/span><\/p>\n<\/td>\n<td width=\"102\">\n<p align=\"center\"><span style=\"font-family: Lato;\"><span style=\"font-size: small;\">2 a\u00f1os<\/span><\/span><\/p>\n<\/td>\n<\/tr>\n<tr>\n<td width=\"93\">\n<p align=\"center\"><span style=\"font-family: Lato;\"><span style=\"font-size: small;\">_gat<\/span><\/span><\/p>\n<\/td>\n<td width=\"151\">\n<p align=\"center\"><span style=\"font-family: Lato;\"><span style=\"font-size: small;\">Esta Cookie se usa para limitar el porcentaje de solicitudes..<\/span><\/span><\/p>\n<\/td>\n<td width=\"102\">\n<p align=\"center\"><span style=\"font-family: Lato;\"><span style=\"font-size: small;\">1 minuto<\/span><\/span><\/p>\n<\/td>\n<\/tr>\n<tr>\n<td width=\"93\">\n<p align=\"center\"><span style=\"font-family: Lato;\"><span style=\"font-size: small;\">_gid<\/span><\/span><\/p>\n<\/td>\n<td width=\"151\">\n<p align=\"center\"><span style=\"font-family: Lato;\"><span style=\"font-size: small;\">Esta Cookie se usa para distinguir a los usuarios<\/span><\/span><\/p>\n<\/td>\n<td width=\"102\">\n<p align=\"center\"><span style=\"font-family: Lato;\"><span style=\"font-size: small;\">24 horas.<\/span><\/span><\/p>\n<\/td>\n<\/tr>\n<\/tbody>\n<\/table>\n<h2>3. \u00bfC\u00f3mo deshabilitar las cookies?<\/h2>\n<p>Aquellas cookies que no sean obligatorias para la navegaci\u00f3n del presente sitio web podr\u00e1n deshabilitarse haciendo clic en el icono de la esquina inferior izquierda del sitio web.<\/p>\n<p>Estos ajustes se encuentran en el pie de p\u00e1gina del sitio web. Adem\u00e1s, todos los navegadores permiten hacer cambios para desactivar la configuraci\u00f3n de las cookies.<\/p>\n<p>Este es el motivo por el que la mayor\u00eda de los navegadores ofrecen la posibilidad de administrar las cookies, para obtener un control m\u00e1s preciso sobre la privacidad.<\/p>\n<p>Estos ajustes se encuentran ubicados en las &#8220;opciones&#8221; o &#8220;preferencias&#8221; del men\u00fa de su navegador.<\/p>\n<p>A continuaci\u00f3n, podr\u00e1 encontrar los links de cada navegador para deshabilitar las cookies siguiendo las instrucciones:<\/p>\n<h3>Internet Explorer<\/h3>\n<ul>\n<li>En el men\u00fa de herramientas, selecciones \u201cOpciones de Internet\u201d.<\/li>\n<li>Haga clic en la pesta\u00f1a de privacidad.<\/li>\n<li>Podr\u00e1 configurar la privacidad con un cursor con seis posiciones que le permite controlar la cantidad de cookies que se instalar\u00e1n: bloquear todas las cookies, Alta, Media Alto, Media (nivel por defecto), Baja y Aceptar todas las cookies.<\/li>\n<\/ul>\n<h3>Mozilla Firefox<\/h3>\n<ul>\n<li>En la parte superior de la venta de Firefox hacer clic en el men\u00fa &#8220;Herramientas&#8221;.<\/li>\n<li>Seleccionar &#8220;Opciones&#8221;.<\/li>\n<li>Seleccionar el panel &#8220;Privacidad&#8221;.<\/li>\n<li>En la opci\u00f3n &#8220;Firefox&#8221; podr\u00e1 elegir usar una configuraci\u00f3n personalizada de su historial, as\u00ed como otras cuestiones relacionadas con su privacidad.<\/li>\n<\/ul>\n<h3>Google Chrome<\/h3>\n<ul>\n<li>Hacer clic en el men\u00fa situado en la barra de herramientas.<\/li>\n<li>Seleccionar &#8220;Configuraci\u00f3n&#8221;.<\/li>\n<li>Hacer clic en Mostar opciones avanzadas.<\/li>\n<li>En la selecci\u00f3n \u201cPrivacidad\u201d hacer clic en el bot\u00f3n &#8220;Configuraci\u00f3n de contenido&#8221;.<\/li>\n<li>En la selecci\u00f3n de cookies, se pueden configurar las opciones.<\/li>\n<\/ul>\n<h3>Safari<\/h3>\n<ul>\n<li>En el men\u00fa de configuraci\u00f3n, seleccione la opci\u00f3n de \u201cPreferencias\u201d.<\/li>\n<li>Abra la pesta\u00f1a de privacidad.<\/li>\n<li>Seleccione la opci\u00f3n que quiera de la secci\u00f3n de \u201cbloquear cookies\u201d.<\/li>\n<li>Recuerde que ciertas funciones y la plena funcionalidad del sitio web pueden no estar disponibles despu\u00e9s de deshabilitar las cookies.<\/li>\n<\/ul>\n<h2>4. Cookies en los dispositivos m\u00f3viles<\/h2>\n<p>El sitio web de INDEXMARKETING tambi\u00e9n usa cookies u otros dispositivos de almacenamiento en dispositivos m\u00f3viles.<\/p>\n<p>Aquellas cookies que no sean obligatorias para la navegaci\u00f3n del presente sitio web podr\u00e1n deshabilitarse haciendo clic en el icono de la esquina inferior izquierda del Sitio Web.<\/p>\n<p>Estos ajustes se encuentran en el pie de p\u00e1gina del sitio web. Adem\u00e1s, al igual que sucede en los navegadores de ordenadores, los navegadores de los dispositivos m\u00f3viles permiten realizar cambios en las opciones o ajustes de privacidad para desactivar o eliminar las cookies.<\/p>\n<p>Si desea modificar las opciones de privacidad siga las instrucciones especificadas por el desarrollador de su navegador para dispositivo m\u00f3vil.<\/p>\n<h2>5. Aceptaci\u00f3n de cookies<\/h2>\n<p>El presente sitio web no instala nuestras cookies en los dispositivos de los usuarios hasta que estos hayan aceptado la instalaci\u00f3n de estas.<\/p>\n<p>Le informamos que en el caso de no aceptar la instalaci\u00f3n de cookies o de deshabilitar alguna de estas en la configuraci\u00f3n, es posible que ciertos servicios no est\u00e9n disponibles sin la utilizaci\u00f3n de estas o que no pueda acceder a determinados servicios ni tampoco aprovechar por completo todo lo que este sitio web le ofrece.<\/p>\n<p>&nbsp;<\/p>\n","protected":false},"excerpt":{"rendered":"<p>INDEXANDO MARKETING, S.L., (en adelante, \u201cINDEXMARKETING\u201d) informa, a trav\u00e9s de la presente pol\u00edtica de cookies, acerca de la utilizaci\u00f3n de dispositivos de almacenamiento y recuperaci\u00f3n de datos en equipos terminales de los usuarios. 1. \u00bfQu\u00e9 son las cookies? Las cookies son archivos o ficheros que se descargan en el ordenador\/smartphone\/Tablet del usuario al acceder a [&hellip;]<\/p>\n","protected":false},"author":1,"featured_media":0,"parent":0,"menu_order":0,"comment_status":"closed","ping_status":"closed","template":"","meta":{"_et_pb_use_builder":"","_et_pb_old_content":"","_et_gb_content_width":"","footnotes":""},"class_list":["post-354622","page","type-page","status-publish","hentry"],"_links":{"self":[{"href":"https:\/\/www.indexandomarketing.com\/en\/wp-json\/wp\/v2\/pages\/354622","targetHints":{"allow":["GET"]}}],"collection":[{"href":"https:\/\/www.indexandomarketing.com\/en\/wp-json\/wp\/v2\/pages"}],"about":[{"href":"https:\/\/www.indexandomarketing.com\/en\/wp-json\/wp\/v2\/types\/page"}],"author":[{"embeddable":true,"href":"https:\/\/www.indexandomarketing.com\/en\/wp-json\/wp\/v2\/users\/1"}],"replies":[{"embeddable":true,"href":"https:\/\/www.indexandomarketing.com\/en\/wp-json\/wp\/v2\/comments?post=354622"}],"version-history":[{"count":2,"href":"https:\/\/www.indexandomarketing.com\/en\/wp-json\/wp\/v2\/pages\/354622\/revisions"}],"predecessor-version":[{"id":354623,"href":"https:\/\/www.indexandomarketing.com\/en\/wp-json\/wp\/v2\/pages\/354622\/revisions\/354623"}],"wp:attachment":[{"href":"https:\/\/www.indexandomarketing.com\/en\/wp-json\/wp\/v2\/media?parent=354622"}],"curies":[{"name":"wp","href":"https:\/\/api.w.org\/{rel}","templated":true}]}}